{"id":295,"date":"2026-04-13T18:49:34","date_gmt":"2026-04-13T18:49:34","guid":{"rendered":"https:\/\/klugwald.at\/?page_id=295"},"modified":"2026-04-13T19:02:57","modified_gmt":"2026-04-13T19:02:57","slug":"datenschutz","status":"publish","type":"page","link":"https:\/\/klugwald.at\/index.php\/datenschutz\/","title":{"rendered":"Datenschutz"},"content":{"rendered":"\t\t<div data-elementor-type=\"wp-page\" data-elementor-id=\"295\" class=\"elementor elementor-295\" data-elementor-post-type=\"page\">\n\t\t\t\t<div class=\"elementor-element elementor-element-10ff8b9 e-flex e-con-boxed e-con e-parent\" data-id=\"10ff8b9\" data-element_type=\"container\" data-e-type=\"container\">\n\t\t\t\t\t<div class=\"e-con-inner\">\n\t\t<div class=\"elementor-element elementor-element-b9178ae e-con-full e-flex e-con e-child\" data-id=\"b9178ae\" data-element_type=\"container\" data-e-type=\"container\">\n\t\t\t\t<div class=\"elementor-element elementor-element-b183777 elementor-widget elementor-widget-heading\" data-id=\"b183777\" data-element_type=\"widget\" data-e-type=\"widget\" data-widget_type=\"heading.default\">\n\t\t\t\t\t<h2 class=\"elementor-heading-title elementor-size-default\">Datenschutz&shy;erkl\u00e4rung<\/h2>\t\t\t\t<\/div>\n\t\t\t\t<div class=\"elementor-element elementor-element-3eff141 elementor-widget elementor-widget-text-editor\" data-id=\"3eff141\" data-element_type=\"widget\" data-e-type=\"widget\" data-widget_type=\"text-editor.default\">\n\t\t\t\t\t\t\t\t\t<h4>1. Verantwortlicher<\/h4><p>Verantwortlich f\u00fcr die Datenverarbeitung auf dieser Website ist:<br \/>Markus Kamrat<\/p><p>Brauhausstra\u00dfe 94d<br \/>8053 Graz<br \/>max@klugwald.at<\/p><p>\u00a0<\/p><h4>2. Hosting (Bereitstellung der Website)<\/h4><p>Diese Website wird bei der Hostinger International Ltd.<br \/>(61 Lordou Vironos Street, 6023 Larnaca, Zypern) gehostet.<br \/>Beim Aufruf der Website werden automatisch Server\u2011Logfiles verarbeitet, darunter:<br \/>IP\u2011Adresse<br \/>Datum und Uhrzeit des Zugriffs<br \/>Browsertyp und Betriebssystem<br \/>Referrer\u2011URL<br \/>Die Verarbeitung erfolgt auf Grundlage unseres berechtigten Interesses an der technischen Bereitstellung und Sicherheit der Website (Art. 6 Abs. 1 lit. f DSGVO).<br \/>Mit Hostinger besteht ein Vertrag zur Auftragsverarbeitung gem\u00e4\u00df Art. 28 DSGVO.<\/p><p>\u00a0<\/p><h4>3. Kontaktaufnahme<\/h4><p>Wenn Sie mit uns Kontakt aufnehmen (z.\u202fB. per E\u2011Mail), werden die von Ihnen \u00fcbermittelten personenbezogenen Daten ausschlie\u00dflich zur Bearbeitung Ihrer Anfrage verarbeitet.<br \/>Rechtsgrundlagen:<br \/>Art. 6 Abs. 1 lit. f DSGVO (berechtigtes Interesse an der Beantwortung Ihrer Anfrage)<br \/>Art. 6 Abs. 1 lit. b DSGVO, sofern sich aus der Anfrage ein Vertragsverh\u00e4ltnis anbahnt oder ergibt<br \/>Die Daten werden gel\u00f6scht, sobald Ihre Anfrage abschlie\u00dfend beantwortet wurde und keine gesetzlichen Aufbewahrungspflichten bestehen.<\/p><p>\u00a0<\/p><h4><br \/>4. Speicherdauer<\/h4><p><br \/>Server\u2011Logfiles werden vom Hosting\u2011Anbieter nach kurzer Zeit (in der Regel 7\u201314 Tage) gel\u00f6scht oder anonymisiert, sofern keine gesetzliche Aufbewahrungspflicht besteht.<\/p><p>\u00a0<\/p><h5>5. Ihre Rechte<\/h5><p><br \/>Sie haben folgende Rechte hinsichtlich der Sie betreffenden personenbezogenen Daten:<br \/>Recht auf Auskunft (Art. 15 DSGVO)<br \/>Recht auf Berichtigung (Art. 16 DSGVO)<br \/>Recht auf L\u00f6schung (Art. 17 DSGVO)<br \/>Recht auf Einschr\u00e4nkung der Verarbeitung (Art. 18 DSGVO)<br \/>Recht auf Daten\u00fcbertragbarkeit (Art. 20 DSGVO)<br \/>Recht auf Widerspruch (Art. 21 DSGVO)<br \/>Sie haben zudem das Recht, sich bei der \u00f6sterreichischen Datenschutzbeh\u00f6rde zu beschweren:<br \/><span style=\"color: #ffffff;\"><a style=\"color: #ffffff;\" href=\"https:\/\/dsb.gv.at\/\" target=\"_blank\" rel=\"noopener\">https:\/\/www.dsb.gv.at<\/a><\/span><\/p>\t\t\t\t\t\t\t\t<\/div>\n\t\t\t\t<\/div>\n\t\t\t\t\t<\/div>\n\t\t\t\t<\/div>\n\t\t\t\t<\/div>\n\t\t","protected":false},"excerpt":{"rendered":"<p>Datenschutz&shy;erkl\u00e4rung 1. Verantwortlicher Verantwortlich f\u00fcr die Datenverarbeitung auf dieser Website ist:Markus Kamrat Brauhausstra\u00dfe 94d8053 Grazmax@klugwald.at \u00a0 2. Hosting (Bereitstellung der Website) Diese Website wird bei der Hostinger International Ltd.(61 Lordou Vironos Street, 6023 Larnaca, Zypern) gehostet.Beim Aufruf der Website werden automatisch Server\u2011Logfiles verarbeitet, darunter:IP\u2011AdresseDatum und Uhrzeit des ZugriffsBrowsertyp und BetriebssystemReferrer\u2011URLDie Verarbeitung erfolgt auf Grundlage unseres [&hellip;]<\/p>\n","protected":false},"author":2,"featured_media":0,"parent":0,"menu_order":0,"comment_status":"closed","ping_status":"closed","template":"","meta":{"footnotes":""},"class_list":["post-295","page","type-page","status-publish","hentry"],"_hostinger_reach_plugin_has_subscription_block":false,"_hostinger_reach_plugin_is_elementor":false,"_links":{"self":[{"href":"https:\/\/klugwald.at\/index.php\/wp-json\/wp\/v2\/pages\/295","targetHints":{"allow":["GET"]}}],"collection":[{"href":"https:\/\/klugwald.at\/index.php\/wp-json\/wp\/v2\/pages"}],"about":[{"href":"https:\/\/klugwald.at\/index.php\/wp-json\/wp\/v2\/types\/page"}],"author":[{"embeddable":true,"href":"https:\/\/klugwald.at\/index.php\/wp-json\/wp\/v2\/users\/2"}],"replies":[{"embeddable":true,"href":"https:\/\/klugwald.at\/index.php\/wp-json\/wp\/v2\/comments?post=295"}],"version-history":[{"count":10,"href":"https:\/\/klugwald.at\/index.php\/wp-json\/wp\/v2\/pages\/295\/revisions"}],"predecessor-version":[{"id":312,"href":"https:\/\/klugwald.at\/index.php\/wp-json\/wp\/v2\/pages\/295\/revisions\/312"}],"wp:attachment":[{"href":"https:\/\/klugwald.at\/index.php\/wp-json\/wp\/v2\/media?parent=295"}],"curies":[{"name":"wp","href":"https:\/\/api.w.org\/{rel}","templated":true}]}}